{"id":337,"date":"2025-08-19T18:22:06","date_gmt":"2025-08-19T21:22:06","guid":{"rendered":"https:\/\/reidoabc.com.br\/index.php\/product\/creme-raffaello-500g\/"},"modified":"2025-08-19T18:44:33","modified_gmt":"2025-08-19T21:44:33","slug":"creme-raffaello-500g","status":"publish","type":"product","link":"https:\/\/reidoabc.com.br\/index.php\/product\/creme-raffaello-500g\/","title":{"rendered":"Creme Raffaello &#8211; 500g"},"content":{"rendered":"","protected":false},"excerpt":{"rendered":"<p>Perfeito para quem busca um momento de prazer refinado e doce, o Creme Raffaello do Rei traz a ess\u00eancia dos sabores premium, transformando qualquer ocasi\u00e3o em uma celebra\u00e7\u00e3o especial. Deixe-se envolver pela combina\u00e7\u00e3o perfeita do ex\u00f3tico e do sofisticado, e transforme seu paladar com o toque inconfund\u00edvel do Raffaello do Rei. Experimente agora e entregue-se a um sabor que \u00e9 puro requinte.<\/p>\n","protected":false},"featured_media":0,"template":"","meta":[],"product_brand":[],"product_cat":[18],"product_tag":[],"class_list":{"0":"post-337","1":"product","2":"type-product","3":"status-publish","5":"product_cat-cremes","7":"first","8":"instock","9":"shipping-taxable","10":"purchasable","11":"product-type-simple"},"_links":{"self":[{"href":"https:\/\/reidoabc.com.br\/index.php\/wp-json\/wp\/v2\/product\/337","targetHints":{"allow":["GET"]}}],"collection":[{"href":"https:\/\/reidoabc.com.br\/index.php\/wp-json\/wp\/v2\/product"}],"about":[{"href":"https:\/\/reidoabc.com.br\/index.php\/wp-json\/wp\/v2\/types\/product"}],"wp:attachment":[{"href":"https:\/\/reidoabc.com.br\/index.php\/wp-json\/wp\/v2\/media?parent=337"}],"wp:term":[{"taxonomy":"product_brand","embeddable":true,"href":"https:\/\/reidoabc.com.br\/index.php\/wp-json\/wp\/v2\/product_brand?post=337"},{"taxonomy":"product_cat","embeddable":true,"href":"https:\/\/reidoabc.com.br\/index.php\/wp-json\/wp\/v2\/product_cat?post=337"},{"taxonomy":"product_tag","embeddable":true,"href":"https:\/\/reidoabc.com.br\/index.php\/wp-json\/wp\/v2\/product_tag?post=337"}],"curies":[{"name":"wp","href":"https:\/\/api.w.org\/{rel}","templated":true}]}}