{"id":328,"date":"2025-08-19T18:21:55","date_gmt":"2025-08-19T21:21:55","guid":{"rendered":"https:\/\/reidoabc.com.br\/index.php\/product\/creme-oreo-250g\/"},"modified":"2025-08-19T18:44:32","modified_gmt":"2025-08-19T21:44:32","slug":"creme-oreo-250g","status":"publish","type":"product","link":"https:\/\/reidoabc.com.br\/index.php\/product\/creme-oreo-250g\/","title":{"rendered":"Creme Oreo &#8211; 250g"},"content":{"rendered":"<p>Descubra o irresist\u00edvel sabor do Creme de Oreo do Rei \u2013 a combina\u00e7\u00e3o perfeita da croc\u00e2ncia do biscoito e da cremosidade \u00fanica que voc\u00ea j\u00e1 ama. Feito com ingredientes selecionados e aquele recheio cremoso e encorpado, o Creme de Oreo do Rei \u00e9 ideal para transformar qualquer momento em uma experi\u00eancia deliciosa e divertida. Perfeito para Doces gourmet, Milkshakes, sobremesas ou simplesmente saborear a colheradas, ele desperta a sua vontade de \u201cgirar, raspar e saborear\u201d a cada peda\u00e7o.<\/p>\n<p>Deixe-se envolver pelo sabor inconfund\u00edvel de Oreo do Rei que s\u00f3 o nosso creme oferece: o toque final para quem busca um prazer doce e aut\u00eantico, que conquista todas as gera\u00e7\u00f5es. Creme de Oreo do Rei, o sabor que vai al\u00e9m do biscoito!<\/p>\n","protected":false},"excerpt":{"rendered":"<p>Descubra o irresist\u00edvel sabor do Creme de Oreo do Rei \u2013 a combina\u00e7\u00e3o perfeita da croc\u00e2ncia do biscoito e da cremosidade \u00fanica que voc\u00ea j\u00e1 ama. Feito com ingredientes selecionados e aquele recheio cremoso e encorpado, o Creme de Oreo do Rei \u00e9 ideal para transformar qualquer momento em uma experi\u00eancia deliciosa e divertida<\/p>\n","protected":false},"featured_media":0,"template":"","meta":[],"product_brand":[],"product_cat":[18],"product_tag":[],"class_list":{"0":"post-328","1":"product","2":"type-product","3":"status-publish","5":"product_cat-cremes","7":"first","8":"instock","9":"shipping-taxable","10":"purchasable","11":"product-type-simple"},"_links":{"self":[{"href":"https:\/\/reidoabc.com.br\/index.php\/wp-json\/wp\/v2\/product\/328","targetHints":{"allow":["GET"]}}],"collection":[{"href":"https:\/\/reidoabc.com.br\/index.php\/wp-json\/wp\/v2\/product"}],"about":[{"href":"https:\/\/reidoabc.com.br\/index.php\/wp-json\/wp\/v2\/types\/product"}],"wp:attachment":[{"href":"https:\/\/reidoabc.com.br\/index.php\/wp-json\/wp\/v2\/media?parent=328"}],"wp:term":[{"taxonomy":"product_brand","embeddable":true,"href":"https:\/\/reidoabc.com.br\/index.php\/wp-json\/wp\/v2\/product_brand?post=328"},{"taxonomy":"product_cat","embeddable":true,"href":"https:\/\/reidoabc.com.br\/index.php\/wp-json\/wp\/v2\/product_cat?post=328"},{"taxonomy":"product_tag","embeddable":true,"href":"https:\/\/reidoabc.com.br\/index.php\/wp-json\/wp\/v2\/product_tag?post=328"}],"curies":[{"name":"wp","href":"https:\/\/api.w.org\/{rel}","templated":true}]}}