{"id":326,"date":"2025-08-19T18:21:53","date_gmt":"2025-08-19T21:21:53","guid":{"rendered":"https:\/\/reidoabc.com.br\/index.php\/product\/creme-pistache-com-laranja-250g\/"},"modified":"2026-03-30T15:45:12","modified_gmt":"2026-03-30T18:45:12","slug":"creme-pistache-com-laranja-250g","status":"publish","type":"product","link":"https:\/\/reidoabc.com.br\/index.php\/product\/creme-pistache-com-laranja-250g\/","title":{"rendered":"Creme Pistache com Laranja &#8211; 250g"},"content":{"rendered":"","protected":false},"excerpt":{"rendered":"<p>Descubra a irresist\u00edvel cremosidade do nosso Creme de Pistache, uma explos\u00e3o de sabor e sofistica\u00e7\u00e3o para o seu paladar. Elaborado com pistaches selecionados, este creme une a textura macia e com 40% de gr\u00e3os a do\u00e7ura na medida certa, proporcionando uma experi\u00eancia \u00fanica a cada colherada. Perfeito para acompanhar Doces gourmet, Milkshakes, sobremesas, caf\u00e9 ou at\u00e9 mesmo para ser degustado puro, ele transforma o simples em especial. Surpreenda-se com a intensidade do pistache em um creme que \u00e9 puro luxo e qualidade. Experimente e deixe-se apaixonar!<\/p>\n","protected":false},"featured_media":0,"template":"","meta":[],"product_brand":[],"product_cat":[18],"product_tag":[],"class_list":{"0":"post-326","1":"product","2":"type-product","3":"status-publish","5":"product_cat-cremes","7":"first","8":"instock","9":"shipping-taxable","10":"purchasable","11":"product-type-simple"},"_links":{"self":[{"href":"https:\/\/reidoabc.com.br\/index.php\/wp-json\/wp\/v2\/product\/326","targetHints":{"allow":["GET"]}}],"collection":[{"href":"https:\/\/reidoabc.com.br\/index.php\/wp-json\/wp\/v2\/product"}],"about":[{"href":"https:\/\/reidoabc.com.br\/index.php\/wp-json\/wp\/v2\/types\/product"}],"wp:attachment":[{"href":"https:\/\/reidoabc.com.br\/index.php\/wp-json\/wp\/v2\/media?parent=326"}],"wp:term":[{"taxonomy":"product_brand","embeddable":true,"href":"https:\/\/reidoabc.com.br\/index.php\/wp-json\/wp\/v2\/product_brand?post=326"},{"taxonomy":"product_cat","embeddable":true,"href":"https:\/\/reidoabc.com.br\/index.php\/wp-json\/wp\/v2\/product_cat?post=326"},{"taxonomy":"product_tag","embeddable":true,"href":"https:\/\/reidoabc.com.br\/index.php\/wp-json\/wp\/v2\/product_tag?post=326"}],"curies":[{"name":"wp","href":"https:\/\/api.w.org\/{rel}","templated":true}]}}