{"id":194,"date":"2025-07-17T11:26:22","date_gmt":"2025-07-17T14:26:22","guid":{"rendered":"https:\/\/reidoabc.com.br\/index.php\/product\/calda-de-morango-1kg\/"},"modified":"2025-11-03T09:13:57","modified_gmt":"2025-11-03T12:13:57","slug":"calda-de-morango-1kg","status":"publish","type":"product","link":"https:\/\/reidoabc.com.br\/index.php\/product\/calda-de-morango-1kg\/","title":{"rendered":"Calda de Morango &#8211; 1Kg"},"content":{"rendered":"","protected":false},"excerpt":{"rendered":"<p class=\"MsoNormal\" style=\"margin-bottom: 0cm; line-height: 19.5pt; background: white;\"><span style=\"font-size: 15.0pt; font-family: Roboto; color: black;\">Desperte seus sentidos com a do\u00e7ura irresist\u00edvel da nossa calda de morango, feita com frutas selecionadas para transformar qualquer sobremesa em uma verdadeira experi\u00eancia gourmet.<\/span><\/p>\n<p class=\"MsoNormal\" style=\"margin-bottom: 0cm; line-height: 21.0pt; background: white;\"><span style=\"font-size: 13.5pt; font-family: Roboto; color: black;\">Nossa calda de morango \u00e9 preparada com morangos frescos e suculentos, colhidos na melhor safra, que garantem um sabor natural e intenso, al\u00e9m de uma textura cremosa que desliza suavemente no paladar. Perfeita para incrementar sorvetes, panquecas, bolos, iogurtes e at\u00e9 mesmo drinques, ela traz um toque especial de frescor e cor vibrante a cada preparo.<\/span><\/p>\n<p class=\"MsoNormal\" style=\"margin-bottom: 0cm; line-height: 21.0pt; background: white;\"><span style=\"font-size: 13.5pt; font-family: Roboto; color: black;\">Transforme momentos simples em ocasi\u00f5es inesquec\u00edveis com nossa calda de morango, o toque que faltava para despertar sua criatividade na cozinha e encantar toda a fam\u00edlia. Aproveite o sabor da natureza em cada gota!<\/span><\/p>\n<p class=\"MsoNormal\" style=\"margin-bottom: 0cm; line-height: 21.0pt; background: white;\"><span style=\"font-size: 13.5pt; font-family: Roboto; color: black;\">Experimente agora e sinta o prazer da verdadeira calda de morango artesanal ao seu alcance!<\/span><\/p>\n","protected":false},"featured_media":277,"template":"","meta":[],"product_brand":[],"product_cat":[19],"product_tag":[],"class_list":{"0":"post-194","1":"product","2":"type-product","3":"status-publish","4":"has-post-thumbnail","6":"product_cat-caldas","8":"first","9":"instock","10":"shipping-taxable","11":"purchasable","12":"product-type-simple"},"_links":{"self":[{"href":"https:\/\/reidoabc.com.br\/index.php\/wp-json\/wp\/v2\/product\/194","targetHints":{"allow":["GET"]}}],"collection":[{"href":"https:\/\/reidoabc.com.br\/index.php\/wp-json\/wp\/v2\/product"}],"about":[{"href":"https:\/\/reidoabc.com.br\/index.php\/wp-json\/wp\/v2\/types\/product"}],"wp:featuredmedia":[{"embeddable":true,"href":"https:\/\/reidoabc.com.br\/index.php\/wp-json\/wp\/v2\/media\/277"}],"wp:attachment":[{"href":"https:\/\/reidoabc.com.br\/index.php\/wp-json\/wp\/v2\/media?parent=194"}],"wp:term":[{"taxonomy":"product_brand","embeddable":true,"href":"https:\/\/reidoabc.com.br\/index.php\/wp-json\/wp\/v2\/product_brand?post=194"},{"taxonomy":"product_cat","embeddable":true,"href":"https:\/\/reidoabc.com.br\/index.php\/wp-json\/wp\/v2\/product_cat?post=194"},{"taxonomy":"product_tag","embeddable":true,"href":"https:\/\/reidoabc.com.br\/index.php\/wp-json\/wp\/v2\/product_tag?post=194"}],"curies":[{"name":"wp","href":"https:\/\/api.w.org\/{rel}","templated":true}]}}