{"id":192,"date":"2025-07-17T11:26:20","date_gmt":"2025-07-17T14:26:20","guid":{"rendered":"https:\/\/reidoabc.com.br\/index.php\/product\/calda-de-maracuja-1kg\/"},"modified":"2025-11-03T09:13:57","modified_gmt":"2025-11-03T12:13:57","slug":"calda-de-maracuja-1kg","status":"publish","type":"product","link":"https:\/\/reidoabc.com.br\/index.php\/product\/calda-de-maracuja-1kg\/","title":{"rendered":"Calda de Maracuja &#8211; 1Kg"},"content":{"rendered":"","protected":false},"excerpt":{"rendered":"<p class=\"MsoNormal\"><span style=\"font-size: 13.5pt; line-height: 107%; font-family: Roboto; color: black; background: white;\">Descubra o sabor irresist\u00edvel da nossa Calda de Maracuj\u00e1, feita com frutas selecionadas para trazer todo o frescor e a intensidade do maracuj\u00e1 natural em cada gota. Perfeita para real\u00e7ar Doces gourmet, Milkshakes<\/span><span style=\"font-size: 13.5pt; line-height: 107%; font-family: Roboto;\">, <\/span><span style=\"font-size: 13.5pt; line-height: 107%; font-family: Roboto; color: black; background: white;\">sobremesas, dar um toque especial aos seus drinks ou incrementar seu iogurte ou a\u00e7a\u00ed, essa calda \u00e9 a combina\u00e7\u00e3o ideal de do\u00e7ura na medida certa com a leve acidez que s\u00f3 o maracuj\u00e1 oferece. Transforme momentos comuns em experi\u00eancias deliciosas e refrescantes com a nossa Calda de Maracuj\u00e1 \u2014 o toque tropical que sua receita merece!<\/span><\/p>\n","protected":false},"featured_media":279,"template":"","meta":[],"product_brand":[],"product_cat":[19],"product_tag":[],"class_list":{"0":"post-192","1":"product","2":"type-product","3":"status-publish","4":"has-post-thumbnail","6":"product_cat-caldas","8":"first","9":"instock","10":"shipping-taxable","11":"purchasable","12":"product-type-simple"},"_links":{"self":[{"href":"https:\/\/reidoabc.com.br\/index.php\/wp-json\/wp\/v2\/product\/192","targetHints":{"allow":["GET"]}}],"collection":[{"href":"https:\/\/reidoabc.com.br\/index.php\/wp-json\/wp\/v2\/product"}],"about":[{"href":"https:\/\/reidoabc.com.br\/index.php\/wp-json\/wp\/v2\/types\/product"}],"wp:featuredmedia":[{"embeddable":true,"href":"https:\/\/reidoabc.com.br\/index.php\/wp-json\/wp\/v2\/media\/279"}],"wp:attachment":[{"href":"https:\/\/reidoabc.com.br\/index.php\/wp-json\/wp\/v2\/media?parent=192"}],"wp:term":[{"taxonomy":"product_brand","embeddable":true,"href":"https:\/\/reidoabc.com.br\/index.php\/wp-json\/wp\/v2\/product_brand?post=192"},{"taxonomy":"product_cat","embeddable":true,"href":"https:\/\/reidoabc.com.br\/index.php\/wp-json\/wp\/v2\/product_cat?post=192"},{"taxonomy":"product_tag","embeddable":true,"href":"https:\/\/reidoabc.com.br\/index.php\/wp-json\/wp\/v2\/product_tag?post=192"}],"curies":[{"name":"wp","href":"https:\/\/api.w.org\/{rel}","templated":true}]}}