{"id":191,"date":"2025-07-17T11:26:18","date_gmt":"2025-07-17T14:26:18","guid":{"rendered":"https:\/\/reidoabc.com.br\/index.php\/product\/calda-de-frutas-vermelhas-1kg\/"},"modified":"2025-08-19T18:44:30","modified_gmt":"2025-08-19T21:44:30","slug":"calda-de-frutas-vermelhas-1kg","status":"publish","type":"product","link":"https:\/\/reidoabc.com.br\/index.php\/product\/calda-de-frutas-vermelhas-1kg\/","title":{"rendered":"Calda de Frutas Vermelhas &#8211; 1Kg"},"content":{"rendered":"","protected":false},"excerpt":{"rendered":"<p class=\"MsoNormal\"><span style=\"font-size: 13.5pt; line-height: 107%; font-family: Roboto; color: black; background: white;\">Descubra a explos\u00e3o de sabor da nossa Calda de Frutas Vermelhas, feita com ingredientes selecionados para trazer o frescor e a do\u00e7ura naturais das melhores frutas! Perfeita para incrementar Doces gourmet, Milkshakes<\/span><span style=\"font-size: 13.5pt; line-height: 107%; font-family: Roboto;\">, <\/span><span style=\"font-size: 13.5pt; line-height: 107%; font-family: Roboto; color: black; background: white;\">sobremesas, iogurtes, panquecas e drinks, essa calda \u00e9 a combina\u00e7\u00e3o ideal de sabor intenso e textura suave. Experimente a riqueza das framboesas, amoras, cerejas e morangos em cada colherada, com aquele toque irresist\u00edvel que s\u00f3 as frutas vermelhas podem proporcionar. Transforme seus momentos em uma experi\u00eancia gourmet com a nossa Calda de Frutas Vermelhas \u2014 puro sabor, natural e delicioso!<\/span><\/p>\n","protected":false},"featured_media":280,"template":"","meta":[],"product_brand":[],"product_cat":[19],"product_tag":[],"class_list":{"0":"post-191","1":"product","2":"type-product","3":"status-publish","4":"has-post-thumbnail","6":"product_cat-caldas","8":"first","9":"instock","10":"shipping-taxable","11":"purchasable","12":"product-type-simple"},"_links":{"self":[{"href":"https:\/\/reidoabc.com.br\/index.php\/wp-json\/wp\/v2\/product\/191","targetHints":{"allow":["GET"]}}],"collection":[{"href":"https:\/\/reidoabc.com.br\/index.php\/wp-json\/wp\/v2\/product"}],"about":[{"href":"https:\/\/reidoabc.com.br\/index.php\/wp-json\/wp\/v2\/types\/product"}],"wp:featuredmedia":[{"embeddable":true,"href":"https:\/\/reidoabc.com.br\/index.php\/wp-json\/wp\/v2\/media\/280"}],"wp:attachment":[{"href":"https:\/\/reidoabc.com.br\/index.php\/wp-json\/wp\/v2\/media?parent=191"}],"wp:term":[{"taxonomy":"product_brand","embeddable":true,"href":"https:\/\/reidoabc.com.br\/index.php\/wp-json\/wp\/v2\/product_brand?post=191"},{"taxonomy":"product_cat","embeddable":true,"href":"https:\/\/reidoabc.com.br\/index.php\/wp-json\/wp\/v2\/product_cat?post=191"},{"taxonomy":"product_tag","embeddable":true,"href":"https:\/\/reidoabc.com.br\/index.php\/wp-json\/wp\/v2\/product_tag?post=191"}],"curies":[{"name":"wp","href":"https:\/\/api.w.org\/{rel}","templated":true}]}}