{"id":190,"date":"2025-07-17T11:26:17","date_gmt":"2025-07-17T14:26:17","guid":{"rendered":"https:\/\/reidoabc.com.br\/index.php\/product\/calda-de-caramelo-1kg\/"},"modified":"2026-03-30T15:52:47","modified_gmt":"2026-03-30T18:52:47","slug":"calda-de-caramelo-1kg","status":"publish","type":"product","link":"https:\/\/reidoabc.com.br\/index.php\/product\/calda-de-caramelo-1kg\/","title":{"rendered":"Calda de Caramelo &#8211; 1Kg"},"content":{"rendered":"","protected":false},"excerpt":{"rendered":"<p class=\"MsoNormal\"><span style=\"font-size: 13.5pt; line-height: 107%; font-family: Roboto; color: black; background: white;\">Descubra o irresist\u00edvel sabor da nossa calda de caramelo, feita com ingredientes selecionados e puro a\u00e7\u00facar caramelizado para uma textura aveludada e um sabor doce e amanteigado que encanta o paladar. Perfeita para real\u00e7ar Doces gourmets, Milkshakes<\/span><span style=\"font-size: 13.5pt; line-height: 107%; font-family: Roboto;\">, sobremesas,<\/span><span style=\"font-size: 13.5pt; line-height: 107%; font-family: Roboto; color: black; background: white;\"> caf\u00e9s, sorvetes e frutas, nossa calda traz uma explos\u00e3o de sabor e um toque sofisticado que transforma qualquer momento em uma experi\u00eancia gourmet. Seja para um simples caf\u00e9 ou para aquela sobremesa especial, permita-se o prazer da do\u00e7ura equilibrada e no aroma marcante da calda de caramelo que derrete na boca. Prove hoje mesmo e encante seus sentidos!<\/span><\/p>\n","protected":false},"featured_media":281,"template":"","meta":[],"product_brand":[],"product_cat":[19],"product_tag":[],"class_list":{"0":"post-190","1":"product","2":"type-product","3":"status-publish","4":"has-post-thumbnail","6":"product_cat-caldas","8":"first","9":"instock","10":"shipping-taxable","11":"purchasable","12":"product-type-simple"},"_links":{"self":[{"href":"https:\/\/reidoabc.com.br\/index.php\/wp-json\/wp\/v2\/product\/190","targetHints":{"allow":["GET"]}}],"collection":[{"href":"https:\/\/reidoabc.com.br\/index.php\/wp-json\/wp\/v2\/product"}],"about":[{"href":"https:\/\/reidoabc.com.br\/index.php\/wp-json\/wp\/v2\/types\/product"}],"wp:featuredmedia":[{"embeddable":true,"href":"https:\/\/reidoabc.com.br\/index.php\/wp-json\/wp\/v2\/media\/281"}],"wp:attachment":[{"href":"https:\/\/reidoabc.com.br\/index.php\/wp-json\/wp\/v2\/media?parent=190"}],"wp:term":[{"taxonomy":"product_brand","embeddable":true,"href":"https:\/\/reidoabc.com.br\/index.php\/wp-json\/wp\/v2\/product_brand?post=190"},{"taxonomy":"product_cat","embeddable":true,"href":"https:\/\/reidoabc.com.br\/index.php\/wp-json\/wp\/v2\/product_cat?post=190"},{"taxonomy":"product_tag","embeddable":true,"href":"https:\/\/reidoabc.com.br\/index.php\/wp-json\/wp\/v2\/product_tag?post=190"}],"curies":[{"name":"wp","href":"https:\/\/api.w.org\/{rel}","templated":true}]}}