{"id":187,"date":"2025-07-17T11:20:29","date_gmt":"2025-07-17T14:20:29","guid":{"rendered":"https:\/\/reidoabc.com.br\/index.php\/product\/creme-pistache-1kg\/"},"modified":"2025-11-25T09:41:42","modified_gmt":"2025-11-25T12:41:42","slug":"creme-pistache-1kg","status":"publish","type":"product","link":"https:\/\/reidoabc.com.br\/index.php\/product\/creme-pistache-1kg\/","title":{"rendered":"Creme Pistache &#8211; 1Kg"},"content":{"rendered":"<p>Descubra a irresist\u00edvel cremosidade do nosso Creme de Pistache, uma explos\u00e3o de sabor e sofistica\u00e7\u00e3o para o seu paladar. Elaborado com pistaches selecionados, este creme une a textura macia e com 40% de gr\u00e3os a do\u00e7ura na medida certa, proporcionando uma experi\u00eancia \u00fanica a cada colherada. Perfeito para acompanhar Doces gourmet, Milkshakes, sobremesas, caf\u00e9 ou at\u00e9 mesmo para ser degustado puro, ele transforma o simples em especial. Surpreenda-se com a intensidade do pistache em um creme que \u00e9 puro luxo e qualidade. Experimente e deixe-se apaixonar!<\/p>\n","protected":false},"excerpt":{"rendered":"<p>Descubra a irresist\u00edvel cremosidade do nosso Creme de Pistache, uma explos\u00e3o de sabor e sofistica\u00e7\u00e3o para o seu paladar. Elaborado com pistaches selecionados, este creme une a textura macia e com 40% de gr\u00e3os a do\u00e7ura na medida certa, proporcionando uma experi\u00eancia \u00fanica a cada colherada. Perfeito para acompanhar Doces gourmet, Milkshakes, sobremesas, caf\u00e9 ou at\u00e9 mesmo para ser degustado puro, ele transforma o simples em especial. Surpreenda-se com a intensidade do pistache em um creme que \u00e9 puro luxo e qualidade. Experimente e deixe-se apaixonar!<\/p>\n","protected":false},"featured_media":287,"template":"","meta":[],"product_brand":[],"product_cat":[20],"product_tag":[],"class_list":{"0":"post-187","1":"product","2":"type-product","3":"status-publish","4":"has-post-thumbnail","6":"product_cat-foodservice","8":"first","9":"instock","10":"shipping-taxable","11":"purchasable","12":"product-type-simple"},"_links":{"self":[{"href":"https:\/\/reidoabc.com.br\/index.php\/wp-json\/wp\/v2\/product\/187","targetHints":{"allow":["GET"]}}],"collection":[{"href":"https:\/\/reidoabc.com.br\/index.php\/wp-json\/wp\/v2\/product"}],"about":[{"href":"https:\/\/reidoabc.com.br\/index.php\/wp-json\/wp\/v2\/types\/product"}],"wp:featuredmedia":[{"embeddable":true,"href":"https:\/\/reidoabc.com.br\/index.php\/wp-json\/wp\/v2\/media\/287"}],"wp:attachment":[{"href":"https:\/\/reidoabc.com.br\/index.php\/wp-json\/wp\/v2\/media?parent=187"}],"wp:term":[{"taxonomy":"product_brand","embeddable":true,"href":"https:\/\/reidoabc.com.br\/index.php\/wp-json\/wp\/v2\/product_brand?post=187"},{"taxonomy":"product_cat","embeddable":true,"href":"https:\/\/reidoabc.com.br\/index.php\/wp-json\/wp\/v2\/product_cat?post=187"},{"taxonomy":"product_tag","embeddable":true,"href":"https:\/\/reidoabc.com.br\/index.php\/wp-json\/wp\/v2\/product_tag?post=187"}],"curies":[{"name":"wp","href":"https:\/\/api.w.org\/{rel}","templated":true}]}}