{"id":179,"date":"2025-07-17T11:20:16","date_gmt":"2025-07-17T14:20:16","guid":{"rendered":"https:\/\/reidoabc.com.br\/index.php\/product\/creme-ferrero-rocher-1kg\/"},"modified":"2025-08-19T18:44:31","modified_gmt":"2025-08-19T21:44:31","slug":"creme-ferrero-rocher-1kg","status":"publish","type":"product","link":"https:\/\/reidoabc.com.br\/index.php\/product\/creme-ferrero-rocher-1kg\/","title":{"rendered":"Creme Ferrero Rocher &#8211; 1Kg"},"content":{"rendered":"<p>Descubra a irresist\u00edvel cremosidade do nosso creme Ferrero do Rei, uma experi\u00eancia \u00fanica que combina a riqueza do chocolate su\u00ed\u00e7o com o sabor inconfund\u00edvel das avel\u00e3s tostadas. Perfeito para quem deseja um toque de luxo a qualquer momento do dia \u2014 seja para uma pausa saborosa para degusta\u00e7\u00e3o de seu doce gourmet preferido ou para transformar suas receitas em verdadeiras indulg\u00eancias gourmet. Delicie-se com a textura suave e a combina\u00e7\u00e3o de sabores que s\u00f3 Ferreiro do Rei pode proporcionar. Porque momentos especiais merecem um sabor inigual\u00e1vel. Experimente e deixe-se levar pelo prazer do aut\u00eantico creme Ferreiro do Rei!<\/p>\n","protected":false},"excerpt":{"rendered":"<p>Descubra a irresist\u00edvel cremosidade do nosso creme Ferrero do Rei, uma experi\u00eancia \u00fanica que combina a riqueza do chocolate su\u00ed\u00e7o com o sabor inconfund\u00edvel das avel\u00e3s tostadas.<\/p>\n","protected":false},"featured_media":291,"template":"","meta":[],"product_brand":[],"product_cat":[20],"product_tag":[],"class_list":{"0":"post-179","1":"product","2":"type-product","3":"status-publish","4":"has-post-thumbnail","6":"product_cat-foodservice","8":"first","9":"instock","10":"shipping-taxable","11":"purchasable","12":"product-type-simple"},"_links":{"self":[{"href":"https:\/\/reidoabc.com.br\/index.php\/wp-json\/wp\/v2\/product\/179","targetHints":{"allow":["GET"]}}],"collection":[{"href":"https:\/\/reidoabc.com.br\/index.php\/wp-json\/wp\/v2\/product"}],"about":[{"href":"https:\/\/reidoabc.com.br\/index.php\/wp-json\/wp\/v2\/types\/product"}],"wp:featuredmedia":[{"embeddable":true,"href":"https:\/\/reidoabc.com.br\/index.php\/wp-json\/wp\/v2\/media\/291"}],"wp:attachment":[{"href":"https:\/\/reidoabc.com.br\/index.php\/wp-json\/wp\/v2\/media?parent=179"}],"wp:term":[{"taxonomy":"product_brand","embeddable":true,"href":"https:\/\/reidoabc.com.br\/index.php\/wp-json\/wp\/v2\/product_brand?post=179"},{"taxonomy":"product_cat","embeddable":true,"href":"https:\/\/reidoabc.com.br\/index.php\/wp-json\/wp\/v2\/product_cat?post=179"},{"taxonomy":"product_tag","embeddable":true,"href":"https:\/\/reidoabc.com.br\/index.php\/wp-json\/wp\/v2\/product_tag?post=179"}],"curies":[{"name":"wp","href":"https:\/\/api.w.org\/{rel}","templated":true}]}}