{"id":163,"date":"2025-07-17T11:13:31","date_gmt":"2025-07-17T14:13:31","guid":{"rendered":"https:\/\/reidoabc.com.br\/index.php\/product\/combo-cremes-lotus-do-rei-lotus-do-rei\/"},"modified":"2025-08-19T18:44:31","modified_gmt":"2025-08-19T21:44:31","slug":"combo-cremes-lotus-do-rei-lotus-do-rei","status":"publish","type":"product","link":"https:\/\/reidoabc.com.br\/index.php\/product\/combo-cremes-lotus-do-rei-lotus-do-rei\/","title":{"rendered":"Combo &#8211; Cremes Lotus do Rei + Lotus do Rei"},"content":{"rendered":"<p><strong>Creme de Lotus do Rei 250g (Total 500g)<\/strong><\/p>\n<p>Criado pelo Chef Alexandre Almeida, o Creme de Lotus do Rei traz uma tend\u00eancia mundial diretamente para nossos clientes no Brasil. Este creme n\u00e3o \u00e9 de avel\u00e3, doce de leite ou manteiga de amendoim. \u00c9 algo totalmente diferente e vale a pena experimentar!<\/p>\n<p>Feito com o verdadeiro biscoito Lotus Biscoff, oferece uma deliciosa combina\u00e7\u00e3o de sabores \u00fanicos de caramelo e canela, perfeitamente equilibrados com nosso famoso ganache.<\/p>\n<p>Estamos ansiosos para encantar os paladares dos verdadeiros apreciadores de Caramelo Belga. Quem conhece, reconhece o verdadeiro sabor!<\/p>\n<p><strong>Como Consumir?<\/strong>\u00a0Saboreie puro com a colher, use como cobertura ou decora\u00e7\u00e3o de bolos, recheios de ovos de P\u00e1scoa, tortas, panquecas, cupcakes, p\u00e3es, torradas e muito mais. Ideal para qualquer momento do dia, com um sabor intenso que certamente impressionar\u00e1 seus clientes ou convidados.<\/p>\n<p><strong>Curiosidades<\/strong>\u00a0Originado na B\u00e9lgica em 1932, o biscoito Lotus \u00e9 feito exclusivamente com ingredientes naturais. O nome \u201cLotus\u201d foi escolhido em tributo \u00e0 flor que simboliza pureza. O Biscoff Lotus \u00e9 um dos biscoitos mais consumidos na Europa.<\/p>\n","protected":false},"excerpt":{"rendered":"<p>Criado pelo Chef Alexandre Almeida, o Creme de Lotus do Rei traz uma tend\u00eancia mundial diretamente para nossos clientes no Brasil. Este creme n\u00e3o \u00e9 de avel\u00e3, doce de leite ou manteiga de amendoim. \u00c9 algo totalmente diferente e vale a pena experimentar!<\/p>\n","protected":false},"featured_media":161,"template":"","meta":[],"product_brand":[],"product_cat":[18],"product_tag":[],"class_list":{"0":"post-163","1":"product","2":"type-product","3":"status-publish","4":"has-post-thumbnail","6":"product_cat-cremes","8":"first","9":"outofstock","10":"shipping-taxable","11":"purchasable","12":"product-type-simple"},"_links":{"self":[{"href":"https:\/\/reidoabc.com.br\/index.php\/wp-json\/wp\/v2\/product\/163","targetHints":{"allow":["GET"]}}],"collection":[{"href":"https:\/\/reidoabc.com.br\/index.php\/wp-json\/wp\/v2\/product"}],"about":[{"href":"https:\/\/reidoabc.com.br\/index.php\/wp-json\/wp\/v2\/types\/product"}],"wp:featuredmedia":[{"embeddable":true,"href":"https:\/\/reidoabc.com.br\/index.php\/wp-json\/wp\/v2\/media\/161"}],"wp:attachment":[{"href":"https:\/\/reidoabc.com.br\/index.php\/wp-json\/wp\/v2\/media?parent=163"}],"wp:term":[{"taxonomy":"product_brand","embeddable":true,"href":"https:\/\/reidoabc.com.br\/index.php\/wp-json\/wp\/v2\/product_brand?post=163"},{"taxonomy":"product_cat","embeddable":true,"href":"https:\/\/reidoabc.com.br\/index.php\/wp-json\/wp\/v2\/product_cat?post=163"},{"taxonomy":"product_tag","embeddable":true,"href":"https:\/\/reidoabc.com.br\/index.php\/wp-json\/wp\/v2\/product_tag?post=163"}],"curies":[{"name":"wp","href":"https:\/\/api.w.org\/{rel}","templated":true}]}}