{"id":157,"date":"2025-07-17T11:13:21","date_gmt":"2025-07-17T14:13:21","guid":{"rendered":"https:\/\/reidoabc.com.br\/index.php\/product\/combo-cremes-pistache-do-rei-lotus-do-rei\/"},"modified":"2025-08-19T18:44:31","modified_gmt":"2025-08-19T21:44:31","slug":"combo-cremes-pistache-do-rei-lotus-do-rei","status":"publish","type":"product","link":"https:\/\/reidoabc.com.br\/index.php\/product\/combo-cremes-pistache-do-rei-lotus-do-rei\/","title":{"rendered":"Combo &#8211; Cremes Pistache do Rei + Lotus do Rei"},"content":{"rendered":"<p><strong>Creme de Pistache do Rei 250g<\/strong><\/p>\n<p>Descubra o sabor inigual\u00e1vel do Creme de Pistache do Rei, preparado com cuidado e dedica\u00e7\u00e3o desde a escolha dos gr\u00e3os at\u00e9 a finaliza\u00e7\u00e3o com a receita especial do Chef Alexandre Almeida. Nosso creme \u00e9 considerado um dos mais puros e nobres do Brasil, combinando a cremosidade do ganache com a croc\u00e2ncia e o sabor intenso dos gr\u00e3os de pistache.<\/p>\n<p><strong>Como Consumir?<\/strong><br \/>Saboreie puro com a colher, utilize como cobertura ou decora\u00e7\u00e3o de bolos, recheios de ovos de P\u00e1scoa, tortas, panquecas, cupcakes, p\u00e3es, torradas e muito mais. Ideal para qualquer momento do dia, com um sabor marcante que certamente impressionar\u00e1 seus clientes ou convidados.<\/p>\n<p><strong>Curiosidades<\/strong><br \/>O pistache est\u00e1 entre as oito especiarias mais caras do mundo, conhecido como o verdadeiro Ouro Verde. \u00c9 essencial distinguir o pistache aut\u00eantico das emuls\u00f5es saborizadas artificiais, que n\u00e3o chegam perto do sabor genu\u00edno.<\/p>\n<p>Estamos ansiosos para encantar os paladares dos verdadeiros apreciadores de pistache. Quem conhece, reconhece o verdadeiro sabor!<\/p>\n<p><strong>Creme de Lotus do Rei 250g<\/strong><\/p>\n<p>Criado pelo Chef Alexandre Almeida, o Creme de Lotus do Rei traz uma tend\u00eancia mundial diretamente para nossos clientes no Brasil. Este creme n\u00e3o \u00e9 de avel\u00e3, doce de leite ou manteiga de amendoim. \u00c9 algo totalmente diferente e vale a pena experimentar!<\/p>\n<p>Feito com o verdadeiro biscoito Lotus Biscoff, oferece uma deliciosa combina\u00e7\u00e3o de sabores \u00fanicos de caramelo e canela, perfeitamente equilibrados com nosso famoso ganache.<\/p>\n<p>Estamos ansiosos para encantar os paladares dos verdadeiros apreciadores de Caramelo Belga. Quem conhece, reconhece o verdadeiro sabor!<\/p>\n<p><strong>Como Consumir?<\/strong>\u00a0Saboreie puro com a colher, use como cobertura ou decora\u00e7\u00e3o de bolos, recheios de ovos de P\u00e1scoa, tortas, panquecas, cupcakes, p\u00e3es, torradas e muito mais. Ideal para qualquer momento do dia, com um sabor intenso que certamente impressionar\u00e1 seus clientes ou convidados.<\/p>\n<p><strong>Curiosidades<\/strong>\u00a0Originado na B\u00e9lgica em 1932, o biscoito Lotus \u00e9 feito exclusivamente com ingredientes naturais. O nome \u201cLotus\u201d foi escolhido em tributo \u00e0 flor que simboliza pureza. O Biscoff Lotus \u00e9 um dos biscoitos mais consumidos na Europa.<\/p>\n","protected":false},"excerpt":{"rendered":"<p>Descubra o sabor inigual\u00e1vel do Creme de Pistache do Rei, preparado com cuidado e dedica\u00e7\u00e3o desde a escolha dos gr\u00e3os at\u00e9 a finaliza\u00e7\u00e3o com a receita especial do Chef Alexandre Almeida. Nosso creme \u00e9 considerado um dos mais puros e nobres do Brasil, combinando a cremosidade do ganache com a croc\u00e2ncia e o sabor intenso dos gr\u00e3os de pistache<\/p>\n","protected":false},"featured_media":154,"template":"","meta":[],"product_brand":[],"product_cat":[18],"product_tag":[],"class_list":{"0":"post-157","1":"product","2":"type-product","3":"status-publish","4":"has-post-thumbnail","6":"product_cat-cremes","8":"first","9":"outofstock","10":"shipping-taxable","11":"purchasable","12":"product-type-simple"},"_links":{"self":[{"href":"https:\/\/reidoabc.com.br\/index.php\/wp-json\/wp\/v2\/product\/157","targetHints":{"allow":["GET"]}}],"collection":[{"href":"https:\/\/reidoabc.com.br\/index.php\/wp-json\/wp\/v2\/product"}],"about":[{"href":"https:\/\/reidoabc.com.br\/index.php\/wp-json\/wp\/v2\/types\/product"}],"wp:featuredmedia":[{"embeddable":true,"href":"https:\/\/reidoabc.com.br\/index.php\/wp-json\/wp\/v2\/media\/154"}],"wp:attachment":[{"href":"https:\/\/reidoabc.com.br\/index.php\/wp-json\/wp\/v2\/media?parent=157"}],"wp:term":[{"taxonomy":"product_brand","embeddable":true,"href":"https:\/\/reidoabc.com.br\/index.php\/wp-json\/wp\/v2\/product_brand?post=157"},{"taxonomy":"product_cat","embeddable":true,"href":"https:\/\/reidoabc.com.br\/index.php\/wp-json\/wp\/v2\/product_cat?post=157"},{"taxonomy":"product_tag","embeddable":true,"href":"https:\/\/reidoabc.com.br\/index.php\/wp-json\/wp\/v2\/product_tag?post=157"}],"curies":[{"name":"wp","href":"https:\/\/api.w.org\/{rel}","templated":true}]}}