{"id":150,"date":"2025-07-17T11:13:12","date_gmt":"2025-07-17T14:13:12","guid":{"rendered":"https:\/\/reidoabc.com.br\/index.php\/product\/creme-pistache-do-rei\/"},"modified":"2026-01-08T16:01:20","modified_gmt":"2026-01-08T19:01:20","slug":"creme-pistache-do-rei","status":"publish","type":"product","link":"https:\/\/reidoabc.com.br\/index.php\/product\/creme-pistache-do-rei\/","title":{"rendered":"Creme Pistache do Rei"},"content":{"rendered":"<p><strong>Creme de Pistache do Rei 250g \u2013 Uma Experi\u00eancia \u00danica!<\/strong><\/p>\n<p>Descubra o sabor inigual\u00e1vel do Creme de Pistache do Rei, preparado com cuidado e dedica\u00e7\u00e3o desde a escolha dos gr\u00e3os at\u00e9 a finaliza\u00e7\u00e3o com a receita especial do Chef Alexandre Almeida. Nosso creme \u00e9 considerado um dos mais puros e nobres do Brasil, combinando a cremosidade do ganache com a croc\u00e2ncia e o sabor intenso dos gr\u00e3os de pistache.<\/p>\n<p><strong>Como Consumir?<\/strong><br \/>\nSaboreie puro com a colher, utilize como cobertura ou decora\u00e7\u00e3o de bolos, recheios de ovos de P\u00e1scoa, tortas, panquecas, cupcakes, p\u00e3es, torradas e muito mais. Ideal para qualquer momento do dia, com um sabor marcante que certamente impressionar\u00e1 seus clientes ou convidados.<\/p>\n<p><strong>Curiosidades<\/strong><br \/>\nO pistache est\u00e1 entre as oito especiarias mais caras do mundo, conhecido como o verdadeiro Ouro Verde. \u00c9 essencial distinguir o pistache aut\u00eantico das emuls\u00f5es saborizadas artificiais, que n\u00e3o chegam perto do sabor genu\u00edno.<\/p>\n<p>Estamos ansiosos para encantar os paladares dos verdadeiros apreciadores de pistache. Quem conhece, reconhece o verdadeiro sabor!<\/p>\n","protected":false},"excerpt":{"rendered":"<p>Descubra o sabor inigual\u00e1vel do Creme de Pistache do Rei, preparado com cuidado e dedica\u00e7\u00e3o desde a escolha dos gr\u00e3os at\u00e9 a finaliza\u00e7\u00e3o com a receita especial do Chef Alexandre Almeida. Nosso creme \u00e9 considerado um dos mais puros e nobres do Brasil, combinando a cremosidade do ganache com a croc\u00e2ncia e o sabor intenso dos gr\u00e3os de pistache<\/p>\n","protected":false},"featured_media":148,"template":"","meta":[],"product_brand":[],"product_cat":[18],"product_tag":[],"class_list":{"0":"post-150","1":"product","2":"type-product","3":"status-publish","4":"has-post-thumbnail","6":"product_cat-cremes","8":"first","9":"instock","10":"shipping-taxable","11":"purchasable","12":"product-type-simple"},"_links":{"self":[{"href":"https:\/\/reidoabc.com.br\/index.php\/wp-json\/wp\/v2\/product\/150","targetHints":{"allow":["GET"]}}],"collection":[{"href":"https:\/\/reidoabc.com.br\/index.php\/wp-json\/wp\/v2\/product"}],"about":[{"href":"https:\/\/reidoabc.com.br\/index.php\/wp-json\/wp\/v2\/types\/product"}],"wp:featuredmedia":[{"embeddable":true,"href":"https:\/\/reidoabc.com.br\/index.php\/wp-json\/wp\/v2\/media\/148"}],"wp:attachment":[{"href":"https:\/\/reidoabc.com.br\/index.php\/wp-json\/wp\/v2\/media?parent=150"}],"wp:term":[{"taxonomy":"product_brand","embeddable":true,"href":"https:\/\/reidoabc.com.br\/index.php\/wp-json\/wp\/v2\/product_brand?post=150"},{"taxonomy":"product_cat","embeddable":true,"href":"https:\/\/reidoabc.com.br\/index.php\/wp-json\/wp\/v2\/product_cat?post=150"},{"taxonomy":"product_tag","embeddable":true,"href":"https:\/\/reidoabc.com.br\/index.php\/wp-json\/wp\/v2\/product_tag?post=150"}],"curies":[{"name":"wp","href":"https:\/\/api.w.org\/{rel}","templated":true}]}}